{"id":82371,"date":"2024-03-20T17:52:39","date_gmt":"2024-03-20T21:52:39","guid":{"rendered":"https:\/\/woodflame.com\/produit\/thermal-screen-x1-gusto\/"},"modified":"2024-06-17T10:20:40","modified_gmt":"2024-06-17T14:20:40","slug":"thermal-screen-x1-gusto","status":"publish","type":"product","link":"https:\/\/woodflame.com\/en\/produits-barbecues\/thermal-screen-x1-gusto\/","title":{"rendered":"Thermal screen (x1) &#8211; Gusto"},"content":{"rendered":"<div class=\"w-full text-token-text-primary\" data-testid=\"conversation-turn-9\">\n<div class=\"px-4 py-2 justify-center text-base md:gap-6 m-auto\">\n<div class=\"flex flex-1 text-base mx-auto gap-3 md:px-5 lg:px-1 xl:px-5 md:max-w-3xl lg:max-w-[40rem] xl:max-w-[48rem] group final-completion\">\n<div class=\"relative flex w-full flex-col agent-turn\">\n<div class=\"flex-col gap-1 md:gap-3\">\n<div class=\"flex flex-grow flex-col max-w-full\">\n<div class=\"min-h-[20px] text-message flex flex-col items-start gap-3 whitespace-pre-wrap break-words [.text-message+&amp;]:mt-5 overflow-x-auto\" data-message-author-role=\"assistant\" data-message-id=\"9717601d-0d00-41ae-9c9e-6dba3cd3747b\">\n<div class=\"markdown prose w-full break-words dark:prose-invert light\">\n<p>Please note that the price is for one (1) unit<\/p>\n<ul>\n<li>The thermal screen of Gusto serves as both a thermal conductor and a reinforcement for strength<\/li>\n<li>Dimensions : 6&#8221; x 1&#8221; x 10&#8221;<\/li>\n<\/ul>\n<\/div>\n<\/div>\n<\/div>\n<\/div>\n<\/div>\n<\/div>\n<\/div>\n<\/div>\n","protected":false},"excerpt":{"rendered":"<p>Please note that the price is for one (1) unit The thermal screen of Gusto serves as both a thermal conductor and a reinforcement for strength Dimensions : 6&#8221; x 1&#8221; x 10&#8221;<\/p>\n","protected":false},"featured_media":82307,"template":"","meta":{"_et_pb_use_builder":"","_et_pb_old_content":"","_et_gb_content_width":""},"product_brand":[],"product_cat":[37],"product_tag":[],"class_list":{"0":"post-82371","1":"product","2":"type-product","3":"status-publish","4":"has-post-thumbnail","6":"product_cat-parts","8":"first","9":"instock","10":"taxable","11":"shipping-taxable","12":"purchasable","13":"product-type-simple"},"yoast_head":"<!-- This site is optimized with the Yoast SEO plugin v27.3 - https:\/\/yoast.com\/product\/yoast-seo-wordpress\/ -->\n<title>Thermal screen (x1) - Gusto - Woodflame<\/title>\n<meta name=\"robots\" content=\"index, follow, max-snippet:-1, max-image-preview:large, max-video-preview:-1\" \/>\n<link rel=\"canonical\" href=\"https:\/\/woodflame.com\/en\/produits-barbecues\/thermal-screen-x1-gusto\/\" \/>\n<meta property=\"og:locale\" content=\"en_US\" \/>\n<meta property=\"og:type\" content=\"article\" \/>\n<meta property=\"og:title\" content=\"Thermal screen (x1) - Gusto - Woodflame\" \/>\n<meta property=\"og:description\" content=\"Please note that the price is for one (1) unit The thermal screen of Gusto serves as both a thermal conductor and a reinforcement for strength Dimensions : 6&#8221; x 1&#8221; x 10&#8221;\" \/>\n<meta property=\"og:url\" content=\"https:\/\/woodflame.com\/en\/produits-barbecues\/thermal-screen-x1-gusto\/\" \/>\n<meta property=\"og:site_name\" content=\"Woodflame\" \/>\n<meta property=\"article:modified_time\" content=\"2024-06-17T14:20:40+00:00\" \/>\n<meta property=\"og:image\" content=\"https:\/\/woodflame.com\/wp-content\/uploads\/2024\/03\/14.jpg\" \/>\n\t<meta property=\"og:image:width\" content=\"700\" \/>\n\t<meta property=\"og:image:height\" content=\"700\" \/>\n\t<meta property=\"og:image:type\" content=\"image\/jpeg\" \/>\n<meta name=\"twitter:card\" content=\"summary_large_image\" \/>\n<meta name=\"twitter:label1\" content=\"Est. reading time\" \/>\n\t<meta name=\"twitter:data1\" content=\"1 minute\" \/>\n<script type=\"application\/ld+json\" class=\"yoast-schema-graph\">{\"@context\":\"https:\\\/\\\/schema.org\",\"@graph\":[{\"@type\":\"WebPage\",\"@id\":\"https:\\\/\\\/woodflame.com\\\/en\\\/produits-barbecues\\\/thermal-screen-x1-gusto\\\/\",\"url\":\"https:\\\/\\\/woodflame.com\\\/en\\\/produits-barbecues\\\/thermal-screen-x1-gusto\\\/\",\"name\":\"Thermal screen (x1) - Gusto - Woodflame\",\"isPartOf\":{\"@id\":\"https:\\\/\\\/woodflame.com\\\/en\\\/#website\"},\"primaryImageOfPage\":{\"@id\":\"https:\\\/\\\/woodflame.com\\\/en\\\/produits-barbecues\\\/thermal-screen-x1-gusto\\\/#primaryimage\"},\"image\":{\"@id\":\"https:\\\/\\\/woodflame.com\\\/en\\\/produits-barbecues\\\/thermal-screen-x1-gusto\\\/#primaryimage\"},\"thumbnailUrl\":\"https:\\\/\\\/woodflame.com\\\/wp-content\\\/uploads\\\/2024\\\/03\\\/14.jpg\",\"datePublished\":\"2024-03-20T21:52:39+00:00\",\"dateModified\":\"2024-06-17T14:20:40+00:00\",\"breadcrumb\":{\"@id\":\"https:\\\/\\\/woodflame.com\\\/en\\\/produits-barbecues\\\/thermal-screen-x1-gusto\\\/#breadcrumb\"},\"inLanguage\":\"en-US\",\"potentialAction\":[{\"@type\":\"ReadAction\",\"target\":[\"https:\\\/\\\/woodflame.com\\\/en\\\/produits-barbecues\\\/thermal-screen-x1-gusto\\\/\"]}]},{\"@type\":\"ImageObject\",\"inLanguage\":\"en-US\",\"@id\":\"https:\\\/\\\/woodflame.com\\\/en\\\/produits-barbecues\\\/thermal-screen-x1-gusto\\\/#primaryimage\",\"url\":\"https:\\\/\\\/woodflame.com\\\/wp-content\\\/uploads\\\/2024\\\/03\\\/14.jpg\",\"contentUrl\":\"https:\\\/\\\/woodflame.com\\\/wp-content\\\/uploads\\\/2024\\\/03\\\/14.jpg\",\"width\":700,\"height\":700,\"caption\":\"\u00c9cran de c\u00f4t\u00e9 - Gusto\"},{\"@type\":\"BreadcrumbList\",\"@id\":\"https:\\\/\\\/woodflame.com\\\/en\\\/produits-barbecues\\\/thermal-screen-x1-gusto\\\/#breadcrumb\",\"itemListElement\":[{\"@type\":\"ListItem\",\"position\":1,\"name\":\"Accueil\",\"item\":\"https:\\\/\\\/woodflame.com\\\/en\\\/\"},{\"@type\":\"ListItem\",\"position\":2,\"name\":\"Products\",\"item\":\"https:\\\/\\\/woodflame.com\\\/en\\\/products-barbecues\\\/\"},{\"@type\":\"ListItem\",\"position\":3,\"name\":\"Thermal screen (x1) &#8211; Gusto\"}]},{\"@type\":\"WebSite\",\"@id\":\"https:\\\/\\\/woodflame.com\\\/en\\\/#website\",\"url\":\"https:\\\/\\\/woodflame.com\\\/en\\\/\",\"name\":\"Woodflame\",\"description\":\"BBQ portatifs au bois\",\"potentialAction\":[{\"@type\":\"SearchAction\",\"target\":{\"@type\":\"EntryPoint\",\"urlTemplate\":\"https:\\\/\\\/woodflame.com\\\/en\\\/?s={search_term_string}\"},\"query-input\":{\"@type\":\"PropertyValueSpecification\",\"valueRequired\":true,\"valueName\":\"search_term_string\"}}],\"inLanguage\":\"en-US\"}]}<\/script>\n<!-- \/ Yoast SEO plugin. -->","yoast_head_json":{"title":"Thermal screen (x1) - Gusto - Woodflame","robots":{"index":"index","follow":"follow","max-snippet":"max-snippet:-1","max-image-preview":"max-image-preview:large","max-video-preview":"max-video-preview:-1"},"canonical":"https:\/\/woodflame.com\/en\/produits-barbecues\/thermal-screen-x1-gusto\/","og_locale":"en_US","og_type":"article","og_title":"Thermal screen (x1) - Gusto - Woodflame","og_description":"Please note that the price is for one (1) unit The thermal screen of Gusto serves as both a thermal conductor and a reinforcement for strength Dimensions : 6&#8221; x 1&#8221; x 10&#8221;","og_url":"https:\/\/woodflame.com\/en\/produits-barbecues\/thermal-screen-x1-gusto\/","og_site_name":"Woodflame","article_modified_time":"2024-06-17T14:20:40+00:00","og_image":[{"width":700,"height":700,"url":"https:\/\/woodflame.com\/wp-content\/uploads\/2024\/03\/14.jpg","type":"image\/jpeg"}],"twitter_card":"summary_large_image","twitter_misc":{"Est. reading time":"1 minute"},"schema":{"@context":"https:\/\/schema.org","@graph":[{"@type":"WebPage","@id":"https:\/\/woodflame.com\/en\/produits-barbecues\/thermal-screen-x1-gusto\/","url":"https:\/\/woodflame.com\/en\/produits-barbecues\/thermal-screen-x1-gusto\/","name":"Thermal screen (x1) - Gusto - Woodflame","isPartOf":{"@id":"https:\/\/woodflame.com\/en\/#website"},"primaryImageOfPage":{"@id":"https:\/\/woodflame.com\/en\/produits-barbecues\/thermal-screen-x1-gusto\/#primaryimage"},"image":{"@id":"https:\/\/woodflame.com\/en\/produits-barbecues\/thermal-screen-x1-gusto\/#primaryimage"},"thumbnailUrl":"https:\/\/woodflame.com\/wp-content\/uploads\/2024\/03\/14.jpg","datePublished":"2024-03-20T21:52:39+00:00","dateModified":"2024-06-17T14:20:40+00:00","breadcrumb":{"@id":"https:\/\/woodflame.com\/en\/produits-barbecues\/thermal-screen-x1-gusto\/#breadcrumb"},"inLanguage":"en-US","potentialAction":[{"@type":"ReadAction","target":["https:\/\/woodflame.com\/en\/produits-barbecues\/thermal-screen-x1-gusto\/"]}]},{"@type":"ImageObject","inLanguage":"en-US","@id":"https:\/\/woodflame.com\/en\/produits-barbecues\/thermal-screen-x1-gusto\/#primaryimage","url":"https:\/\/woodflame.com\/wp-content\/uploads\/2024\/03\/14.jpg","contentUrl":"https:\/\/woodflame.com\/wp-content\/uploads\/2024\/03\/14.jpg","width":700,"height":700,"caption":"\u00c9cran de c\u00f4t\u00e9 - Gusto"},{"@type":"BreadcrumbList","@id":"https:\/\/woodflame.com\/en\/produits-barbecues\/thermal-screen-x1-gusto\/#breadcrumb","itemListElement":[{"@type":"ListItem","position":1,"name":"Accueil","item":"https:\/\/woodflame.com\/en\/"},{"@type":"ListItem","position":2,"name":"Products","item":"https:\/\/woodflame.com\/en\/products-barbecues\/"},{"@type":"ListItem","position":3,"name":"Thermal screen (x1) &#8211; Gusto"}]},{"@type":"WebSite","@id":"https:\/\/woodflame.com\/en\/#website","url":"https:\/\/woodflame.com\/en\/","name":"Woodflame","description":"BBQ portatifs au bois","potentialAction":[{"@type":"SearchAction","target":{"@type":"EntryPoint","urlTemplate":"https:\/\/woodflame.com\/en\/?s={search_term_string}"},"query-input":{"@type":"PropertyValueSpecification","valueRequired":true,"valueName":"search_term_string"}}],"inLanguage":"en-US"}]}},"_links":{"self":[{"href":"https:\/\/woodflame.com\/en\/wp-json\/wp\/v2\/product\/82371","targetHints":{"allow":["GET"]}}],"collection":[{"href":"https:\/\/woodflame.com\/en\/wp-json\/wp\/v2\/product"}],"about":[{"href":"https:\/\/woodflame.com\/en\/wp-json\/wp\/v2\/types\/product"}],"wp:featuredmedia":[{"embeddable":true,"href":"https:\/\/woodflame.com\/en\/wp-json\/wp\/v2\/media\/82307"}],"wp:attachment":[{"href":"https:\/\/woodflame.com\/en\/wp-json\/wp\/v2\/media?parent=82371"}],"wp:term":[{"taxonomy":"product_brand","embeddable":true,"href":"https:\/\/woodflame.com\/en\/wp-json\/wp\/v2\/product_brand?post=82371"},{"taxonomy":"product_cat","embeddable":true,"href":"https:\/\/woodflame.com\/en\/wp-json\/wp\/v2\/product_cat?post=82371"},{"taxonomy":"product_tag","embeddable":true,"href":"https:\/\/woodflame.com\/en\/wp-json\/wp\/v2\/product_tag?post=82371"}],"curies":[{"name":"wp","href":"https:\/\/api.w.org\/{rel}","templated":true}]}}